{"id":20,"date":"2015-07-14T09:54:07","date_gmt":"2015-07-14T09:54:07","guid":{"rendered":"http:\/\/doceng2016.caa.tuwien.ac.at\/?page_id=20"},"modified":"2016-06-02T08:01:04","modified_gmt":"2016-06-02T08:01:04","slug":"committee","status":"publish","type":"page","link":"https:\/\/doceng2016.cvl.tuwien.ac.at\/?page_id=20","title":{"rendered":"Committees"},"content":{"rendered":"<p><em><strong>Contact<\/strong><\/em>: <a href=\"mailto:doceng2016@caa.tuwien.ac.at\">doceng2016@caa.tuwien.ac.at<\/a><\/p>\n<p>&nbsp;<\/p>\n<p><strong>Organizers<\/strong><\/p>\n<p><strong>General Chair<\/strong>:\u00a0Robert Sablatnig (TU Wien, Austria)<\/p>\n<p><strong>Program Chair<\/strong>:\u00a0Tamir Hassan (Hewlett-Packard, Vienna, Austria)<\/p>\n<p><strong>Local Chair<\/strong>:\u00a0Florian Kleber (TU Wien, Austria)<\/p>\n<p><strong>Local Co-Chair<\/strong>:\u00a0Stefan Fiel (TU Wien, Austria)<\/p>\n<p><strong>Publicity Chair<\/strong>:\u00a0Markus Diem (TU Wien, Austria)<\/p>\n<p><strong>Publicity Co-Chair<\/strong>:\u00a0Fabian Hollaus (TU Wien, Austria)<\/p>\n<p><strong>Workshops and Tutorials Chair<\/strong>: Sonja Schimmler\u00a0(University of the Federal Armed Forces, Munich, Germany)<\/p>\n<p><strong>Birds of a Feather Chair<\/strong>: Charles Nicholas (University of Baltimore County, USA)<\/p>\n<p><strong>Doctoral Symposium Chair<\/strong>: Cerstin Mahlow (Institut f\u00fcr Deutsche Sprache, Mannheim, Germany)<\/p>\n<p>&nbsp;<\/p>\n<p><strong>Program Committee<\/strong><\/p>\n<table style=\"border-collapse: collapse; width: 500px; height: 1136px;\" border=\"0\" width=\"64\" cellspacing=\"0\" cellpadding=\"0\">\n<colgroup>\n<col style=\"width: 48pt;\" width=\"64\" \/> <\/colgroup>\n<tbody>\n<tr style=\"height: 15.0pt;\">\n<td style=\"height: 15.0pt; width: 48pt;\" width=\"64\" height=\"20\">Apostolos Antonacopoulos, University of Salford<\/td>\n<\/tr>\n<tr style=\"height: 15.0pt;\">\n<td style=\"height: 15.0pt;\" height=\"20\">Vlad Atanasiu, University of Fribourg<\/td>\n<\/tr>\n<tr style=\"height: 15.0pt;\">\n<td style=\"height: 15.0pt;\" height=\"20\">Steven R. Bagley, University of Nottingham<\/td>\n<\/tr>\n<tr style=\"height: 15.0pt;\">\n<td style=\"height: 15.0pt;\" height=\"20\">Helen Balinsky, HP Labs<\/td>\n<\/tr>\n<tr style=\"height: 15.0pt;\">\n<td style=\"height: 15.0pt;\" height=\"20\">Jean-Luc Bloechle, Sugarcube IT<\/td>\n<\/tr>\n<tr style=\"height: 15.0pt;\">\n<td style=\"height: 15.0pt;\" height=\"20\">Uwe M. Borghoff, Universit\u00e4t der Bundeswehr M\u00fcnchen<\/td>\n<\/tr>\n<tr style=\"height: 15.0pt;\">\n<td style=\"height: 15.0pt;\" height=\"20\">David F. Brailsford, University of Nottingham<\/td>\n<\/tr>\n<tr style=\"height: 15.0pt;\">\n<td style=\"height: 15.0pt;\" height=\"20\">Anne Br\u00fcggemann-Klein, Technische Universit\u00e4t M\u00fcnchen<\/td>\n<\/tr>\n<tr style=\"height: 15.0pt;\">\n<td style=\"height: 15.0pt;\" height=\"20\">Pablo Cesar, CWI<\/td>\n<\/tr>\n<tr style=\"height: 15.0pt;\">\n<td style=\"height: 15.0pt;\" height=\"20\">Paolo Ciccarese, Harvard Medical School\/Mass. General Hospital<\/td>\n<\/tr>\n<tr style=\"height: 15.0pt;\">\n<td style=\"height: 15.0pt;\" height=\"20\">Michael L. Collard, The University of Akron<\/td>\n<\/tr>\n<tr style=\"height: 15.0pt;\">\n<td style=\"height: 15.0pt;\" height=\"20\">Niranjan Damera-Venkata, HP Labs<\/td>\n<\/tr>\n<tr style=\"height: 15.0pt;\">\n<td style=\"height: 15.0pt;\" height=\"20\">Markus Diem, TU Wien<\/td>\n<\/tr>\n<tr style=\"height: 15.0pt;\">\n<td style=\"height: 15.0pt;\" height=\"20\">Angelo Di Iorio, University of Bologna<\/td>\n<\/tr>\n<tr style=\"height: 15.0pt;\">\n<td style=\"height: 15.0pt;\" height=\"20\">Stefano Ferilli, University of Bari<\/td>\n<\/tr>\n<tr style=\"height: 15.0pt;\">\n<td style=\"height: 15.0pt;\" height=\"20\">Stefan Fiel, TU Wien<\/td>\n<\/tr>\n<tr style=\"height: 15.0pt;\">\n<td style=\"height: 15.0pt;\" height=\"20\">Pierre Geneves, CNRS<\/td>\n<\/tr>\n<tr style=\"height: 15.0pt;\">\n<td style=\"height: 15.0pt;\" height=\"20\">Gersende Georg, French National Authority for Health<\/td>\n<\/tr>\n<tr style=\"height: 15.0pt;\">\n<td style=\"height: 15.0pt;\" height=\"20\">C. Lee Giles, Pennsylvania State University<\/td>\n<\/tr>\n<tr style=\"height: 15.0pt;\">\n<td style=\"height: 15.0pt;\" height=\"20\">Matthew Hardy, Adobe<\/td>\n<\/tr>\n<tr style=\"height: 15.0pt;\">\n<td style=\"height: 15.0pt;\" height=\"20\">Tamir Hassan, HP Labs<\/td>\n<\/tr>\n<tr style=\"height: 15.0pt;\">\n<td style=\"height: 15.0pt;\" height=\"20\">Fabian Hollaus, TU Wien<\/td>\n<\/tr>\n<tr style=\"height: 15.0pt;\">\n<td style=\"height: 15.0pt;\" height=\"20\">Andrew Hunter, HP Labs<\/td>\n<\/tr>\n<tr style=\"height: 15.0pt;\">\n<td style=\"height: 15.0pt;\" height=\"20\">Nathan Hurst, Shutterstock<\/td>\n<\/tr>\n<tr style=\"height: 15.0pt;\">\n<td style=\"height: 15.0pt;\" height=\"20\">Rolf Ingold, University of Fribourg<\/td>\n<\/tr>\n<tr style=\"height: 15.0pt;\">\n<td style=\"height: 15.0pt;\" height=\"20\">Peter R King, University of Manitoba<\/td>\n<\/tr>\n<tr style=\"height: 15.0pt;\">\n<td style=\"height: 15.0pt;\" height=\"20\">Florian Kleber, TU Wien<\/td>\n<\/tr>\n<tr style=\"height: 15.0pt;\">\n<td style=\"height: 15.0pt;\" height=\"20\">Alberto Laender, Universidade Federal de Minas Gerais, Brazil<\/td>\n<\/tr>\n<tr style=\"height: 15.0pt;\">\n<td style=\"height: 15.0pt;\" height=\"20\">Monica Landoni, USI<\/td>\n<\/tr>\n<tr style=\"height: 15.0pt;\">\n<td style=\"height: 15.0pt;\" height=\"20\">Baoli Li, Henan University of Technology<\/td>\n<\/tr>\n<tr style=\"height: 15.0pt;\">\n<td style=\"height: 15.0pt;\" height=\"20\">Lei Liu, HP Labs<\/td>\n<\/tr>\n<tr style=\"height: 15.0pt;\">\n<td style=\"height: 15.0pt;\" height=\"20\">Marcus Liwicki, University of Fribourg<\/td>\n<\/tr>\n<tr style=\"height: 15.0pt;\">\n<td style=\"height: 15.0pt;\" height=\"20\">John Lumley, jwL Research<\/td>\n<\/tr>\n<tr style=\"height: 15.0pt;\">\n<td style=\"height: 15.0pt;\" height=\"20\">Cerstin Mahlow, Institut f\u00fcr Deutsche Sprache, Mannheim<\/td>\n<\/tr>\n<tr style=\"height: 15.0pt;\">\n<td style=\"height: 15.0pt;\" height=\"20\">Simone Marinai, University of Florence<\/td>\n<\/tr>\n<tr style=\"height: 15.0pt;\">\n<td style=\"height: 15.0pt;\" height=\"20\">Kim Marriott, Monash University<\/td>\n<\/tr>\n<tr style=\"height: 15.0pt;\">\n<td style=\"height: 15.0pt;\" height=\"20\">Evangelos Milios, Dalhousie University<\/td>\n<\/tr>\n<tr style=\"height: 15.0pt;\">\n<td style=\"height: 15.0pt;\" height=\"20\">Mirella M. Moro, UFMG, Brazil<\/td>\n<\/tr>\n<tr style=\"height: 15.0pt;\">\n<td style=\"height: 15.0pt;\" height=\"20\">Ethan V. Munson, UW Milwaukee<\/td>\n<\/tr>\n<tr style=\"height: 15.0pt;\">\n<td style=\"height: 15.0pt;\" height=\"20\">Charles Nicholas, UMBC<\/td>\n<\/tr>\n<tr style=\"height: 15.0pt;\">\n<td style=\"height: 15.0pt;\" height=\"20\">Ermelinda Oro, ICAR-CNR<\/td>\n<\/tr>\n<tr style=\"height: 15.0pt;\">\n<td style=\"height: 15.0pt;\" height=\"20\">Giorgio Orsi, University of Birmingham<\/td>\n<\/tr>\n<tr style=\"height: 15.0pt;\">\n<td style=\"height: 15.0pt;\" height=\"20\">Maria da Graca Pimentel, Universidade de Sao Paulo<\/td>\n<\/tr>\n<tr style=\"height: 15.0pt;\">\n<td style=\"height: 15.0pt;\" height=\"20\">Michael Piotrowski, Leibniz Institute of European History<\/td>\n<\/tr>\n<tr style=\"height: 15.0pt;\">\n<td style=\"height: 15.0pt;\" height=\"20\">Stefan Pletschacher, University of Salford<\/td>\n<\/tr>\n<tr style=\"height: 15.0pt;\">\n<td style=\"height: 15.0pt;\" height=\"20\">C\u00e9cile Roisin, Universit\u00e9 Grenoble Alpes<\/td>\n<\/tr>\n<tr style=\"height: 15.0pt;\">\n<td style=\"height: 15.0pt;\" height=\"20\">Sebastian Roennau, Ravensburger AG<\/td>\n<\/tr>\n<tr style=\"height: 15.0pt;\">\n<td style=\"height: 15.0pt;\" height=\"20\">Robert Sablatnig, TU Wien<\/td>\n<\/tr>\n<tr style=\"height: 15.0pt;\">\n<td style=\"height: 15.0pt;\" height=\"20\">Sonja Schimmler, Universit\u00e4t der Bundeswehr M\u00fcnchen<\/td>\n<\/tr>\n<tr style=\"height: 15.0pt;\">\n<td style=\"height: 15.0pt;\" height=\"20\">Patrick Schmitz, UC Berkeley<\/td>\n<\/tr>\n<tr style=\"height: 15.0pt;\">\n<td style=\"height: 15.0pt;\" height=\"20\">Badarinath Shantharam, HP Inc.<\/td>\n<\/tr>\n<tr style=\"height: 15.0pt;\">\n<td style=\"height: 15.0pt;\" height=\"20\">Ryan Shaw, University of North Carolina at Chapel Hill<\/td>\n<\/tr>\n<tr style=\"height: 15.0pt;\">\n<td style=\"height: 15.0pt;\" height=\"20\">Steven Simske, HP Labs<\/td>\n<\/tr>\n<tr style=\"height: 15.0pt;\">\n<td style=\"height: 15.0pt;\" height=\"20\">Fouad Slimane, EDSI Tech<\/td>\n<\/tr>\n<tr style=\"height: 15.0pt;\">\n<td style=\"height: 15.0pt;\" height=\"20\">Margaret Sturgill, HP Labs<\/td>\n<\/tr>\n<tr style=\"height: 15.0pt;\">\n<td style=\"height: 15.0pt;\" height=\"20\">Cheng Thao, University of Wisconsin-Whitewater<\/td>\n<\/tr>\n<tr style=\"height: 15.0pt;\">\n<td style=\"height: 15.0pt;\" height=\"20\">Frank Tompa, University of Waterloo<\/td>\n<\/tr>\n<tr style=\"height: 15.0pt;\">\n<td style=\"height: 15.0pt;\" height=\"20\">Fabio Vitali, University of Bologna<\/td>\n<\/tr>\n<tr style=\"height: 15.0pt;\">\n<td style=\"height: 15.0pt;\" height=\"20\">Jean-Yves Vion-Dury, Xerox Research Centre Europe<\/td>\n<\/tr>\n<tr style=\"height: 15.0pt;\">\n<td style=\"height: 15.0pt;\" height=\"20\">Christine Vanoirbeek, EPFL<\/td>\n<\/tr>\n<tr style=\"height: 15.0pt;\">\n<td style=\"height: 15.0pt;\" height=\"20\">Erik Wilde<\/td>\n<\/tr>\n<tr style=\"height: 15.0pt;\">\n<td style=\"height: 15.0pt;\" height=\"20\">Anthony Wiley, HP Software<\/td>\n<\/tr>\n<tr style=\"height: 15.0pt;\">\n<td style=\"height: 15.0pt;\" height=\"20\">Raymond Wong, UNSW<\/td>\n<\/tr>\n<\/tbody>\n<\/table>\n<p>&nbsp;<\/p>\n<p><strong>Steering\u00a0Committee<\/strong><\/p>\n<div class=\"row\">\n<div class=\"span9\">\n<p>David Brailsford, University of Nottingham, UK<\/p>\n<p>Dick Bulterman, FX Palo Alto Laboratory, USA<\/p>\n<p>Matthew Hardy, Adobe, USA<\/p>\n<p>Peter King, University of Manitoba, Canada<\/p>\n<p>Kim Marriott, Monash University, Australia<\/p>\n<p>Ethan Munson, University of Wisconsin-Milwaukee, USA<\/p>\n<p>Charles Nicholas, University of Maryland, Baltimore County, USA<\/p>\n<p>Maria da Graca C. Pimentel, Universidade de Sao Paulo, Brazil<\/p>\n<p>C\u00e9cile Roisin, Universit\u00e9 Pierre Mendes-France and INRIA, France<\/p>\n<p>Steven Simske (Chair), HP Laboratories, Palo Alto, USA<\/p>\n<p>Jean-Yves Vion-Dury, Xerox Research Centre Europe, France<\/p>\n<p>Anthony Wiley, HP Software, Lexington, KY, USA<\/p>\n<\/div>\n<\/div>\n<div class=\"row\"><\/div>\n<p>&nbsp;<\/p>\n<p>&nbsp;<\/p>\n<p>&nbsp;<\/p>\n","protected":false},"excerpt":{"rendered":"<p>Contact: doceng2016@caa.tuwien.ac.at &nbsp; Organizers General Chair:\u00a0Robert Sablatnig (TU Wien, Austria) Program Chair:\u00a0Tamir Hassan (Hewlett-Packard, Vienna, Austria) Local Chair:\u00a0Florian Kleber (TU<\/p>\n","protected":false},"author":5,"featured_media":0,"parent":0,"menu_order":0,"comment_status":"closed","ping_status":"closed","template":"","meta":[],"_links":{"self":[{"href":"https:\/\/doceng2016.cvl.tuwien.ac.at\/index.php?rest_route=\/wp\/v2\/pages\/20"}],"collection":[{"href":"https:\/\/doceng2016.cvl.tuwien.ac.at\/index.php?rest_route=\/wp\/v2\/pages"}],"about":[{"href":"https:\/\/doceng2016.cvl.tuwien.ac.at\/index.php?rest_route=\/wp\/v2\/types\/page"}],"author":[{"embeddable":true,"href":"https:\/\/doceng2016.cvl.tuwien.ac.at\/index.php?rest_route=\/wp\/v2\/users\/5"}],"replies":[{"embeddable":true,"href":"https:\/\/doceng2016.cvl.tuwien.ac.at\/index.php?rest_route=%2Fwp%2Fv2%2Fcomments&post=20"}],"version-history":[{"count":28,"href":"https:\/\/doceng2016.cvl.tuwien.ac.at\/index.php?rest_route=\/wp\/v2\/pages\/20\/revisions"}],"predecessor-version":[{"id":490,"href":"https:\/\/doceng2016.cvl.tuwien.ac.at\/index.php?rest_route=\/wp\/v2\/pages\/20\/revisions\/490"}],"wp:attachment":[{"href":"https:\/\/doceng2016.cvl.tuwien.ac.at\/index.php?rest_route=%2Fwp%2Fv2%2Fmedia&parent=20"}],"curies":[{"name":"wp","href":"https:\/\/api.w.org\/{rel}","templated":true}]}}